{"id":533,"date":"2022-07-05T21:31:54","date_gmt":"2022-07-05T19:31:54","guid":{"rendered":"https:\/\/vivadance.pl\/?page_id=533"},"modified":"2023-12-30T21:03:50","modified_gmt":"2023-12-30T20:03:50","slug":"viva-dance-cup","status":"publish","type":"page","link":"https:\/\/vivadance.pl\/index.php\/viva-dance-cup\/","title":{"rendered":"VIVA DANCE CUP"},"content":{"rendered":"\n<p>Turniej Ta\u0144ca Towarzyskiego, kt\u00f3ry jest wydarzeniem tanecznym organizowanym przez nasze Studio Ta\u0144ca VIVA DANCE. <\/p>\n\n\n\n<p>Mia\u0142y miejsce ju\u017c trzy edycje naszego turnieju:<\/p>\n\n\n\n<ul class=\"wp-block-list\">\n<li>Og\u00f3lnopolski Turniej Ta\u0144ca Towarzyskiego VIVA DANCE CUP 2022 Pod Honorowym Patronatem Prezydenta Miasta \u0141odzi &#8211; Hanny Zdanowskiej <\/li>\n\n\n\n<li>Puchar Klas FED Polskiego Towarzystwa Tanecznego oraz Og\u00f3lnopolski Turniej Ta\u0144ca Towarzyskiego VIVA DANCE CUP 2023 o Puchar Rektora Politechniki \u0141\u00f3dzkiej<\/li>\n\n\n\n<li>Mistrzostwa Okr\u0119gu \u0141\u00f3dzkiego PTT 2024, Og\u00f3lnopolski Turniej Ta\u0144ca Towarzyskiego VIVA DANCE CUP 2023 Pod Honorowym Patronatem Prezydenta Miasta Zgierza<\/li>\n<\/ul>\n\n\n\n<p>Dzi\u0119kujemy wszystkim Osobom, kt\u00f3re przyczyni\u0142y si\u0119 do realizacji naszych marze\u0144. <\/p>\n\n\n\n<p>Dzi\u0119kujemy Sponsorom, klubowym Rodzicom oraz wszystkim tym, kt\u00f3rzy pomagali nam oraz wspierali nas zar\u00f3wno w trakcie przygotowa\u0144, jak i w dniu imprezy. Dzi\u0119ki Tancerzom z ca\u0142ego kraju, \u0141\u00f3d\u017a na czas zawod\u00f3w staje si\u0119 taneczn\u0105 stolic\u0105 Polski! <\/p>\n\n\n\n<p>Do zobaczenia wkr\u00f3tce na kolejnych turniejach organizowanych przez VIVA DANCE <img loading=\"lazy\" decoding=\"async\" height=\"16\" width=\"16\" src=\"https:\/\/static.xx.fbcdn.net\/images\/emoji.php\/v9\/td8\/1.5\/16\/1f60a.png\" alt=\"&#x1f60a;\"><\/p>\n\n\n\n<figure class=\"wp-block-video\"><video height=\"480\" style=\"aspect-ratio: 480 \/ 480;\" width=\"480\" controls src=\"http:\/\/vivadance.pl\/wp-content\/uploads\/2022\/07\/WhatsApp-Video-2022-07-05-at-20.50.35-2.mp4\"><\/video><\/figure>\n\n\n\n<p><\/p>\n\n\n<style type=\"text\/css\">\r\n\t#foogallery-gallery-538 .fg-image {\r\n        width: 150px;\r\n    }\r\n<\/style>\r\n\t\t\t\t<div class=\"foogallery foogallery-container foogallery-default foogallery-lightbox-none fg-gutter-10 fg-center fg-default fg-light fg-border-thin fg-shadow-outline fg-loading-default fg-loaded-fade-in fg-caption-hover fg-hover-fade fg-hover-zoom fg-ready\" id=\"foogallery-gallery-538\" data-foogallery=\"{&quot;item&quot;:{&quot;showCaptionTitle&quot;:true,&quot;showCaptionDescription&quot;:true},&quot;lazy&quot;:true}\" >\r\n\t<div class=\"fg-item fg-type-image fg-idle\"><figure class=\"fg-item-inner\"><a href=\"https:\/\/vivadance.pl\/wp-content\/uploads\/2023\/04\/52K_6309-scaled.jpg\" data-attachment-id=\"1184\" class=\"fg-thumb\"><span class=\"fg-image-wrap\"><img loading=\"lazy\" decoding=\"async\" width=\"150\" height=\"150\" class=\"skip-lazy fg-image\" data-src-fg=\"https:\/\/vivadance.pl\/wp-content\/uploads\/cache\/2023\/04\/52K_6309-scaled\/1470458348.jpg\" src=\"data:image\/svg+xml,%3Csvg%20xmlns%3D%22http%3A%2F%2Fwww.w3.org%2F2000%2Fsvg%22%20width%3D%22150%22%20height%3D%22150%22%20viewBox%3D%220%200%20150%20150%22%3E%3C%2Fsvg%3E\"><\/span><span class=\"fg-image-overlay\"><\/span><\/a><figcaption class=\"fg-caption\"><div class=\"fg-caption-inner\"><\/div><\/figcaption><\/figure><div class=\"fg-loader\"><\/div><\/div><div class=\"fg-item fg-type-image fg-idle\"><figure class=\"fg-item-inner\"><a href=\"https:\/\/vivadance.pl\/wp-content\/uploads\/2023\/05\/52S_8591-scaled.jpg\" data-attachment-id=\"1198\" class=\"fg-thumb\"><span class=\"fg-image-wrap\"><img loading=\"lazy\" decoding=\"async\" width=\"150\" height=\"150\" class=\"skip-lazy fg-image\" data-src-fg=\"https:\/\/vivadance.pl\/wp-content\/uploads\/cache\/2023\/05\/52S_8591-scaled\/1830810847.jpg\" src=\"data:image\/svg+xml,%3Csvg%20xmlns%3D%22http%3A%2F%2Fwww.w3.org%2F2000%2Fsvg%22%20width%3D%22150%22%20height%3D%22150%22%20viewBox%3D%220%200%20150%20150%22%3E%3C%2Fsvg%3E\"><\/span><span class=\"fg-image-overlay\"><\/span><\/a><figcaption class=\"fg-caption\"><div class=\"fg-caption-inner\"><\/div><\/figcaption><\/figure><div class=\"fg-loader\"><\/div><\/div><div class=\"fg-item fg-type-image fg-idle\"><figure class=\"fg-item-inner\"><a href=\"https:\/\/vivadance.pl\/wp-content\/uploads\/2022\/07\/WhatsApp-Image-2023-07-08-at-13.13.27-3.jpeg\" data-attachment-id=\"1367\" class=\"fg-thumb\"><span class=\"fg-image-wrap\"><img loading=\"lazy\" decoding=\"async\" width=\"150\" height=\"150\" class=\"skip-lazy fg-image\" data-src-fg=\"https:\/\/vivadance.pl\/wp-content\/uploads\/cache\/2022\/07\/WhatsApp-Image-2023-07-08-at-13_13_27-3\/2478525159.jpeg\" src=\"data:image\/svg+xml,%3Csvg%20xmlns%3D%22http%3A%2F%2Fwww.w3.org%2F2000%2Fsvg%22%20width%3D%22150%22%20height%3D%22150%22%20viewBox%3D%220%200%20150%20150%22%3E%3C%2Fsvg%3E\"><\/span><span class=\"fg-image-overlay\"><\/span><\/a><figcaption class=\"fg-caption\"><div class=\"fg-caption-inner\"><\/div><\/figcaption><\/figure><div class=\"fg-loader\"><\/div><\/div><div class=\"fg-item fg-type-image fg-idle\"><figure class=\"fg-item-inner\"><a href=\"https:\/\/vivadance.pl\/wp-content\/uploads\/2023\/05\/52S_8590-scaled.jpg\" data-attachment-id=\"1200\" class=\"fg-thumb\"><span class=\"fg-image-wrap\"><img loading=\"lazy\" decoding=\"async\" width=\"150\" height=\"150\" class=\"skip-lazy fg-image\" data-src-fg=\"https:\/\/vivadance.pl\/wp-content\/uploads\/cache\/2023\/05\/52S_8590-scaled\/3543769388.jpg\" src=\"data:image\/svg+xml,%3Csvg%20xmlns%3D%22http%3A%2F%2Fwww.w3.org%2F2000%2Fsvg%22%20width%3D%22150%22%20height%3D%22150%22%20viewBox%3D%220%200%20150%20150%22%3E%3C%2Fsvg%3E\"><\/span><span class=\"fg-image-overlay\"><\/span><\/a><figcaption class=\"fg-caption\"><div class=\"fg-caption-inner\"><\/div><\/figcaption><\/figure><div class=\"fg-loader\"><\/div><\/div><div class=\"fg-item fg-type-image fg-idle\"><figure class=\"fg-item-inner\"><a href=\"https:\/\/vivadance.pl\/wp-content\/uploads\/2023\/05\/52S_2520-scaled.jpg\" data-attachment-id=\"1199\" class=\"fg-thumb\"><span class=\"fg-image-wrap\"><img loading=\"lazy\" decoding=\"async\" width=\"150\" height=\"150\" class=\"skip-lazy fg-image\" data-src-fg=\"https:\/\/vivadance.pl\/wp-content\/uploads\/cache\/2023\/05\/52S_2520-scaled\/4103150666.jpg\" src=\"data:image\/svg+xml,%3Csvg%20xmlns%3D%22http%3A%2F%2Fwww.w3.org%2F2000%2Fsvg%22%20width%3D%22150%22%20height%3D%22150%22%20viewBox%3D%220%200%20150%20150%22%3E%3C%2Fsvg%3E\"><\/span><span class=\"fg-image-overlay\"><\/span><\/a><figcaption class=\"fg-caption\"><div class=\"fg-caption-inner\"><\/div><\/figcaption><\/figure><div class=\"fg-loader\"><\/div><\/div><div class=\"fg-item fg-type-image fg-idle\"><figure class=\"fg-item-inner\"><a href=\"https:\/\/vivadance.pl\/wp-content\/uploads\/2022\/07\/plakat-viva-dance-cup-2022-2.jpeg\" data-attachment-id=\"499\" class=\"fg-thumb\"><span class=\"fg-image-wrap\"><img loading=\"lazy\" decoding=\"async\" width=\"150\" height=\"150\" class=\"skip-lazy fg-image\" data-src-fg=\"https:\/\/vivadance.pl\/wp-content\/uploads\/cache\/2022\/07\/plakat-viva-dance-cup-2022-2\/2535326589.jpeg\" src=\"data:image\/svg+xml,%3Csvg%20xmlns%3D%22http%3A%2F%2Fwww.w3.org%2F2000%2Fsvg%22%20width%3D%22150%22%20height%3D%22150%22%20viewBox%3D%220%200%20150%20150%22%3E%3C%2Fsvg%3E\"><\/span><span class=\"fg-image-overlay\"><\/span><\/a><figcaption class=\"fg-caption\"><div class=\"fg-caption-inner\"><\/div><\/figcaption><\/figure><div class=\"fg-loader\"><\/div><\/div><div class=\"fg-item fg-type-image fg-idle\"><figure class=\"fg-item-inner\"><a href=\"https:\/\/vivadance.pl\/wp-content\/uploads\/2022\/07\/DSC08830_1-scaled.jpg\" data-attachment-id=\"497\" class=\"fg-thumb\"><span class=\"fg-image-wrap\"><img loading=\"lazy\" decoding=\"async\" width=\"150\" height=\"150\" class=\"skip-lazy fg-image\" data-src-fg=\"https:\/\/vivadance.pl\/wp-content\/uploads\/cache\/2022\/07\/DSC08830_1-scaled\/3888322717.jpg\" src=\"data:image\/svg+xml,%3Csvg%20xmlns%3D%22http%3A%2F%2Fwww.w3.org%2F2000%2Fsvg%22%20width%3D%22150%22%20height%3D%22150%22%20viewBox%3D%220%200%20150%20150%22%3E%3C%2Fsvg%3E\"><\/span><span class=\"fg-image-overlay\"><\/span><\/a><figcaption class=\"fg-caption\"><div class=\"fg-caption-inner\"><\/div><\/figcaption><\/figure><div class=\"fg-loader\"><\/div><\/div><div class=\"fg-item fg-type-image fg-idle\"><figure class=\"fg-item-inner\"><a href=\"https:\/\/vivadance.pl\/wp-content\/uploads\/2022\/07\/DSC08621-scaled.jpg\" data-attachment-id=\"496\" class=\"fg-thumb\"><span class=\"fg-image-wrap\"><img loading=\"lazy\" decoding=\"async\" width=\"150\" height=\"150\" class=\"skip-lazy fg-image\" data-src-fg=\"https:\/\/vivadance.pl\/wp-content\/uploads\/cache\/2022\/07\/DSC08621-scaled\/584704442.jpg\" src=\"data:image\/svg+xml,%3Csvg%20xmlns%3D%22http%3A%2F%2Fwww.w3.org%2F2000%2Fsvg%22%20width%3D%22150%22%20height%3D%22150%22%20viewBox%3D%220%200%20150%20150%22%3E%3C%2Fsvg%3E\"><\/span><span class=\"fg-image-overlay\"><\/span><\/a><figcaption class=\"fg-caption\"><div class=\"fg-caption-inner\"><\/div><\/figcaption><\/figure><div class=\"fg-loader\"><\/div><\/div><div class=\"fg-item fg-type-image fg-idle\"><figure class=\"fg-item-inner\"><a href=\"https:\/\/vivadance.pl\/wp-content\/uploads\/2022\/07\/DSC08641-scaled.jpg\" data-attachment-id=\"495\" class=\"fg-thumb\"><span class=\"fg-image-wrap\"><img loading=\"lazy\" decoding=\"async\" width=\"150\" height=\"150\" class=\"skip-lazy fg-image\" data-src-fg=\"https:\/\/vivadance.pl\/wp-content\/uploads\/cache\/2022\/07\/DSC08641-scaled\/3375689615.jpg\" src=\"data:image\/svg+xml,%3Csvg%20xmlns%3D%22http%3A%2F%2Fwww.w3.org%2F2000%2Fsvg%22%20width%3D%22150%22%20height%3D%22150%22%20viewBox%3D%220%200%20150%20150%22%3E%3C%2Fsvg%3E\"><\/span><span class=\"fg-image-overlay\"><\/span><\/a><figcaption class=\"fg-caption\"><div class=\"fg-caption-inner\"><\/div><\/figcaption><\/figure><div class=\"fg-loader\"><\/div><\/div><div class=\"fg-item fg-type-image fg-idle\"><figure class=\"fg-item-inner\"><a href=\"https:\/\/vivadance.pl\/wp-content\/uploads\/2022\/07\/WhatsApp-Video-2022-07-05-at-20.50.35-1.mp4\" data-attachment-id=\"539\" class=\"fg-thumb\"><span class=\"fg-image-wrap\"><img loading=\"lazy\" decoding=\"async\" width=\"150\" height=\"150\" class=\"skip-lazy fg-image\" data-src-fg=\"https:\/\/vivadance.pl\/wp-content\/uploads\/2022\/07\/WhatsApp-Video-2022-07-05-at-20.50.35-1.mp4\" src=\"data:image\/svg+xml,%3Csvg%20xmlns%3D%22http%3A%2F%2Fwww.w3.org%2F2000%2Fsvg%22%20width%3D%22150%22%20height%3D%22150%22%20viewBox%3D%220%200%20150%20150%22%3E%3C%2Fsvg%3E\"><\/span><span class=\"fg-image-overlay\"><\/span><\/a><figcaption class=\"fg-caption\"><div class=\"fg-caption-inner\"><\/div><\/figcaption><\/figure><div class=\"fg-loader\"><\/div><\/div><div class=\"fg-item fg-type-image fg-idle\"><figure class=\"fg-item-inner\"><a href=\"https:\/\/vivadance.pl\/wp-content\/uploads\/2022\/07\/WhatsApp-Image-2023-04-26-at-13.00.33.jpeg\" data-attachment-id=\"1361\" class=\"fg-thumb\"><span class=\"fg-image-wrap\"><img loading=\"lazy\" decoding=\"async\" width=\"150\" height=\"150\" class=\"skip-lazy fg-image\" data-src-fg=\"https:\/\/vivadance.pl\/wp-content\/uploads\/cache\/2022\/07\/WhatsApp-Image-2023-04-26-at-13_00_33\/1616950874.jpeg\" src=\"data:image\/svg+xml,%3Csvg%20xmlns%3D%22http%3A%2F%2Fwww.w3.org%2F2000%2Fsvg%22%20width%3D%22150%22%20height%3D%22150%22%20viewBox%3D%220%200%20150%20150%22%3E%3C%2Fsvg%3E\"><\/span><span class=\"fg-image-overlay\"><\/span><\/a><figcaption class=\"fg-caption\"><div class=\"fg-caption-inner\"><\/div><\/figcaption><\/figure><div class=\"fg-loader\"><\/div><\/div><div class=\"fg-item fg-type-image fg-idle\"><figure class=\"fg-item-inner\"><a href=\"https:\/\/vivadance.pl\/wp-content\/uploads\/2022\/07\/WhatsApp-Image-2023-07-08-at-12.58.55-1.jpeg\" data-attachment-id=\"1362\" class=\"fg-thumb\"><span class=\"fg-image-wrap\"><img loading=\"lazy\" decoding=\"async\" width=\"150\" height=\"150\" class=\"skip-lazy fg-image\" data-src-fg=\"https:\/\/vivadance.pl\/wp-content\/uploads\/cache\/2022\/07\/WhatsApp-Image-2023-07-08-at-12_58_55-1\/2083684401.jpeg\" src=\"data:image\/svg+xml,%3Csvg%20xmlns%3D%22http%3A%2F%2Fwww.w3.org%2F2000%2Fsvg%22%20width%3D%22150%22%20height%3D%22150%22%20viewBox%3D%220%200%20150%20150%22%3E%3C%2Fsvg%3E\"><\/span><span class=\"fg-image-overlay\"><\/span><\/a><figcaption class=\"fg-caption\"><div class=\"fg-caption-inner\"><\/div><\/figcaption><\/figure><div class=\"fg-loader\"><\/div><\/div><div class=\"fg-item fg-type-image fg-idle\"><figure class=\"fg-item-inner\"><a href=\"https:\/\/vivadance.pl\/wp-content\/uploads\/2022\/07\/WhatsApp-Image-2023-07-08-at-12.58.55.jpeg\" data-attachment-id=\"1363\" class=\"fg-thumb\"><span class=\"fg-image-wrap\"><img loading=\"lazy\" decoding=\"async\" width=\"150\" height=\"150\" class=\"skip-lazy fg-image\" data-src-fg=\"https:\/\/vivadance.pl\/wp-content\/uploads\/cache\/2022\/07\/WhatsApp-Image-2023-07-08-at-12_58_55\/1863560301.jpeg\" src=\"data:image\/svg+xml,%3Csvg%20xmlns%3D%22http%3A%2F%2Fwww.w3.org%2F2000%2Fsvg%22%20width%3D%22150%22%20height%3D%22150%22%20viewBox%3D%220%200%20150%20150%22%3E%3C%2Fsvg%3E\"><\/span><span class=\"fg-image-overlay\"><\/span><\/a><figcaption class=\"fg-caption\"><div class=\"fg-caption-inner\"><\/div><\/figcaption><\/figure><div class=\"fg-loader\"><\/div><\/div><div class=\"fg-item fg-type-image fg-idle\"><figure class=\"fg-item-inner\"><a href=\"https:\/\/vivadance.pl\/wp-content\/uploads\/2022\/07\/WhatsApp-Image-2023-07-08-at-12.58.56-1.jpeg\" data-attachment-id=\"1364\" class=\"fg-thumb\"><span class=\"fg-image-wrap\"><img loading=\"lazy\" decoding=\"async\" width=\"150\" height=\"150\" class=\"skip-lazy fg-image\" data-src-fg=\"https:\/\/vivadance.pl\/wp-content\/uploads\/cache\/2022\/07\/WhatsApp-Image-2023-07-08-at-12_58_56-1\/2572034413.jpeg\" src=\"data:image\/svg+xml,%3Csvg%20xmlns%3D%22http%3A%2F%2Fwww.w3.org%2F2000%2Fsvg%22%20width%3D%22150%22%20height%3D%22150%22%20viewBox%3D%220%200%20150%20150%22%3E%3C%2Fsvg%3E\"><\/span><span class=\"fg-image-overlay\"><\/span><\/a><figcaption class=\"fg-caption\"><div class=\"fg-caption-inner\"><\/div><\/figcaption><\/figure><div class=\"fg-loader\"><\/div><\/div><div class=\"fg-item fg-type-image fg-idle\"><figure class=\"fg-item-inner\"><a href=\"https:\/\/vivadance.pl\/wp-content\/uploads\/2022\/07\/WhatsApp-Image-2023-07-08-at-13.00.00.jpeg\" data-attachment-id=\"1365\" class=\"fg-thumb\"><span class=\"fg-image-wrap\"><img loading=\"lazy\" decoding=\"async\" width=\"150\" height=\"150\" class=\"skip-lazy fg-image\" data-src-fg=\"https:\/\/vivadance.pl\/wp-content\/uploads\/cache\/2022\/07\/WhatsApp-Image-2023-07-08-at-13_00_00\/4211580490.jpeg\" src=\"data:image\/svg+xml,%3Csvg%20xmlns%3D%22http%3A%2F%2Fwww.w3.org%2F2000%2Fsvg%22%20width%3D%22150%22%20height%3D%22150%22%20viewBox%3D%220%200%20150%20150%22%3E%3C%2Fsvg%3E\"><\/span><span class=\"fg-image-overlay\"><\/span><\/a><figcaption class=\"fg-caption\"><div class=\"fg-caption-inner\"><\/div><\/figcaption><\/figure><div class=\"fg-loader\"><\/div><\/div><div class=\"fg-item fg-type-image fg-idle\"><figure class=\"fg-item-inner\"><a href=\"https:\/\/vivadance.pl\/wp-content\/uploads\/2022\/07\/WhatsApp-Image-2023-07-08-at-13.03.35.jpeg\" data-attachment-id=\"1366\" class=\"fg-thumb\"><span class=\"fg-image-wrap\"><img loading=\"lazy\" decoding=\"async\" width=\"150\" height=\"150\" class=\"skip-lazy fg-image\" data-src-fg=\"https:\/\/vivadance.pl\/wp-content\/uploads\/cache\/2022\/07\/WhatsApp-Image-2023-07-08-at-13_03_35\/2377670850.jpeg\" src=\"data:image\/svg+xml,%3Csvg%20xmlns%3D%22http%3A%2F%2Fwww.w3.org%2F2000%2Fsvg%22%20width%3D%22150%22%20height%3D%22150%22%20viewBox%3D%220%200%20150%20150%22%3E%3C%2Fsvg%3E\"><\/span><span class=\"fg-image-overlay\"><\/span><\/a><figcaption class=\"fg-caption\"><div class=\"fg-caption-inner\"><\/div><\/figcaption><\/figure><div class=\"fg-loader\"><\/div><\/div><div class=\"fg-item fg-type-image fg-idle\"><figure class=\"fg-item-inner\"><a href=\"https:\/\/vivadance.pl\/wp-content\/uploads\/2023\/12\/384246786_646364970952298_7908163122843098248_n.jpg\" data-attachment-id=\"1526\" class=\"fg-thumb\"><span class=\"fg-image-wrap\"><img loading=\"lazy\" decoding=\"async\" width=\"150\" height=\"150\" class=\"skip-lazy fg-image\" data-src-fg=\"https:\/\/vivadance.pl\/wp-content\/uploads\/cache\/2023\/12\/384246786_646364970952298_7908163122843098248_n\/1406864628.jpg\" src=\"data:image\/svg+xml,%3Csvg%20xmlns%3D%22http%3A%2F%2Fwww.w3.org%2F2000%2Fsvg%22%20width%3D%22150%22%20height%3D%22150%22%20viewBox%3D%220%200%20150%20150%22%3E%3C%2Fsvg%3E\"><\/span><span class=\"fg-image-overlay\"><\/span><\/a><figcaption class=\"fg-caption\"><div class=\"fg-caption-inner\"><\/div><\/figcaption><\/figure><div class=\"fg-loader\"><\/div><\/div><div class=\"fg-item fg-type-image fg-idle\"><figure class=\"fg-item-inner\"><a href=\"https:\/\/vivadance.pl\/wp-content\/uploads\/2023\/12\/WhatsApp-Image-2023-12-30-at-19.56.06.jpeg\" data-attachment-id=\"1639\" class=\"fg-thumb\"><span class=\"fg-image-wrap\"><img loading=\"lazy\" decoding=\"async\" width=\"150\" height=\"150\" class=\"skip-lazy fg-image\" data-src-fg=\"https:\/\/vivadance.pl\/wp-content\/uploads\/cache\/2023\/12\/WhatsApp-Image-2023-12-30-at-19_56_06\/3247402129.jpeg\" src=\"data:image\/svg+xml,%3Csvg%20xmlns%3D%22http%3A%2F%2Fwww.w3.org%2F2000%2Fsvg%22%20width%3D%22150%22%20height%3D%22150%22%20viewBox%3D%220%200%20150%20150%22%3E%3C%2Fsvg%3E\"><\/span><span class=\"fg-image-overlay\"><\/span><\/a><figcaption class=\"fg-caption\"><div class=\"fg-caption-inner\"><\/div><\/figcaption><\/figure><div class=\"fg-loader\"><\/div><\/div><div class=\"fg-item fg-type-image fg-idle\"><figure class=\"fg-item-inner\"><a href=\"https:\/\/vivadance.pl\/wp-content\/uploads\/2023\/12\/WhatsApp-Image-2023-12-30-at-19.57.30.jpeg\" data-attachment-id=\"1637\" class=\"fg-thumb\"><span class=\"fg-image-wrap\"><img loading=\"lazy\" decoding=\"async\" width=\"150\" height=\"150\" class=\"skip-lazy fg-image\" data-src-fg=\"https:\/\/vivadance.pl\/wp-content\/uploads\/cache\/2023\/12\/WhatsApp-Image-2023-12-30-at-19_57_30\/1539162499.jpeg\" src=\"data:image\/svg+xml,%3Csvg%20xmlns%3D%22http%3A%2F%2Fwww.w3.org%2F2000%2Fsvg%22%20width%3D%22150%22%20height%3D%22150%22%20viewBox%3D%220%200%20150%20150%22%3E%3C%2Fsvg%3E\"><\/span><span class=\"fg-image-overlay\"><\/span><\/a><figcaption class=\"fg-caption\"><div class=\"fg-caption-inner\"><\/div><\/figcaption><\/figure><div class=\"fg-loader\"><\/div><\/div><div class=\"fg-item fg-type-image fg-idle\"><figure class=\"fg-item-inner\"><a href=\"https:\/\/vivadance.pl\/wp-content\/uploads\/2023\/12\/WhatsApp-Image-2023-12-30-at-19.57.30-1.jpeg\" data-attachment-id=\"1636\" class=\"fg-thumb\"><span class=\"fg-image-wrap\"><img loading=\"lazy\" decoding=\"async\" width=\"150\" height=\"150\" class=\"skip-lazy fg-image\" data-src-fg=\"https:\/\/vivadance.pl\/wp-content\/uploads\/cache\/2023\/12\/WhatsApp-Image-2023-12-30-at-19_57_30-1\/2412541720.jpeg\" src=\"data:image\/svg+xml,%3Csvg%20xmlns%3D%22http%3A%2F%2Fwww.w3.org%2F2000%2Fsvg%22%20width%3D%22150%22%20height%3D%22150%22%20viewBox%3D%220%200%20150%20150%22%3E%3C%2Fsvg%3E\"><\/span><span class=\"fg-image-overlay\"><\/span><\/a><figcaption class=\"fg-caption\"><div class=\"fg-caption-inner\"><\/div><\/figcaption><\/figure><div class=\"fg-loader\"><\/div><\/div><div class=\"fg-item fg-type-image fg-idle\"><figure class=\"fg-item-inner\"><a href=\"https:\/\/vivadance.pl\/wp-content\/uploads\/2023\/12\/WhatsApp-Image-2023-12-30-at-19.57.30-2.jpeg\" data-attachment-id=\"1635\" class=\"fg-thumb\"><span class=\"fg-image-wrap\"><img loading=\"lazy\" decoding=\"async\" width=\"150\" height=\"150\" class=\"skip-lazy fg-image\" data-src-fg=\"https:\/\/vivadance.pl\/wp-content\/uploads\/cache\/2023\/12\/WhatsApp-Image-2023-12-30-at-19_57_30-2\/1706470227.jpeg\" src=\"data:image\/svg+xml,%3Csvg%20xmlns%3D%22http%3A%2F%2Fwww.w3.org%2F2000%2Fsvg%22%20width%3D%22150%22%20height%3D%22150%22%20viewBox%3D%220%200%20150%20150%22%3E%3C%2Fsvg%3E\"><\/span><span class=\"fg-image-overlay\"><\/span><\/a><figcaption class=\"fg-caption\"><div class=\"fg-caption-inner\"><\/div><\/figcaption><\/figure><div class=\"fg-loader\"><\/div><\/div><div class=\"fg-item fg-type-image fg-idle\"><figure class=\"fg-item-inner\"><a href=\"https:\/\/vivadance.pl\/wp-content\/uploads\/2023\/12\/WhatsApp-Image-2023-12-30-at-19.57.30-3.jpeg\" data-attachment-id=\"1634\" class=\"fg-thumb\"><span class=\"fg-image-wrap\"><img loading=\"lazy\" decoding=\"async\" width=\"150\" height=\"150\" class=\"skip-lazy fg-image\" data-src-fg=\"https:\/\/vivadance.pl\/wp-content\/uploads\/cache\/2023\/12\/WhatsApp-Image-2023-12-30-at-19_57_30-3\/2326797653.jpeg\" src=\"data:image\/svg+xml,%3Csvg%20xmlns%3D%22http%3A%2F%2Fwww.w3.org%2F2000%2Fsvg%22%20width%3D%22150%22%20height%3D%22150%22%20viewBox%3D%220%200%20150%20150%22%3E%3C%2Fsvg%3E\"><\/span><span class=\"fg-image-overlay\"><\/span><\/a><figcaption class=\"fg-caption\"><div class=\"fg-caption-inner\"><\/div><\/figcaption><\/figure><div class=\"fg-loader\"><\/div><\/div><div class=\"fg-item fg-type-image fg-idle\"><figure class=\"fg-item-inner\"><a href=\"https:\/\/vivadance.pl\/wp-content\/uploads\/2023\/12\/WhatsApp-Image-2023-12-30-at-19.57.31.jpeg\" data-attachment-id=\"1633\" class=\"fg-thumb\"><span class=\"fg-image-wrap\"><img loading=\"lazy\" decoding=\"async\" width=\"150\" height=\"150\" class=\"skip-lazy fg-image\" data-src-fg=\"https:\/\/vivadance.pl\/wp-content\/uploads\/cache\/2023\/12\/WhatsApp-Image-2023-12-30-at-19_57_31\/2694452750.jpeg\" src=\"data:image\/svg+xml,%3Csvg%20xmlns%3D%22http%3A%2F%2Fwww.w3.org%2F2000%2Fsvg%22%20width%3D%22150%22%20height%3D%22150%22%20viewBox%3D%220%200%20150%20150%22%3E%3C%2Fsvg%3E\"><\/span><span class=\"fg-image-overlay\"><\/span><\/a><figcaption class=\"fg-caption\"><div class=\"fg-caption-inner\"><\/div><\/figcaption><\/figure><div class=\"fg-loader\"><\/div><\/div><\/div>\r\n\n","protected":false},"excerpt":{"rendered":"<p>Turniej Ta\u0144ca Towarzyskiego, kt\u00f3ry jest wydarzeniem tanecznym organizowanym przez nasze Studio Ta\u0144ca VIVA DANCE. Mia\u0142y miejsce ju\u017c trzy edycje naszego turnieju: Dzi\u0119kujemy wszystkim Osobom, kt\u00f3re przyczyni\u0142y si\u0119 do realizacji naszych marze\u0144. Dzi\u0119kujemy Sponsorom, klubowym Rodzicom oraz wszystkim tym, kt\u00f3rzy pomagali nam oraz wspierali nas zar\u00f3wno w trakcie przygotowa\u0144, jak i w dniu imprezy. Dzi\u0119ki Tancerzom[&#8230;]<\/p>\n","protected":false},"author":6,"featured_media":0,"parent":0,"menu_order":0,"comment_status":"closed","ping_status":"closed","template":"","meta":{"ub_ctt_via":"","footnotes":""},"class_list":["post-533","page","type-page","status-publish","hentry","wpbf-post"],"featured_image_src":null,"_links":{"self":[{"href":"https:\/\/vivadance.pl\/index.php\/wp-json\/wp\/v2\/pages\/533","targetHints":{"allow":["GET"]}}],"collection":[{"href":"https:\/\/vivadance.pl\/index.php\/wp-json\/wp\/v2\/pages"}],"about":[{"href":"https:\/\/vivadance.pl\/index.php\/wp-json\/wp\/v2\/types\/page"}],"author":[{"embeddable":true,"href":"https:\/\/vivadance.pl\/index.php\/wp-json\/wp\/v2\/users\/6"}],"replies":[{"embeddable":true,"href":"https:\/\/vivadance.pl\/index.php\/wp-json\/wp\/v2\/comments?post=533"}],"version-history":[{"count":8,"href":"https:\/\/vivadance.pl\/index.php\/wp-json\/wp\/v2\/pages\/533\/revisions"}],"predecessor-version":[{"id":1647,"href":"https:\/\/vivadance.pl\/index.php\/wp-json\/wp\/v2\/pages\/533\/revisions\/1647"}],"wp:attachment":[{"href":"https:\/\/vivadance.pl\/index.php\/wp-json\/wp\/v2\/media?parent=533"}],"curies":[{"name":"wp","href":"https:\/\/api.w.org\/{rel}","templated":true}]}}