{"id":33,"date":"2021-07-24T13:11:57","date_gmt":"2021-07-24T11:11:57","guid":{"rendered":"http:\/\/vivadance.pl\/?page_id=33"},"modified":"2024-11-01T22:20:15","modified_gmt":"2024-11-01T21:20:15","slug":"o-nas","status":"publish","type":"page","link":"https:\/\/vivadance.pl\/index.php\/o-nas\/","title":{"rendered":"O nas"},"content":{"rendered":"\n<p><\/p>\n\n\n\n<p class=\"has-large-font-size\">Studio Ta\u0144ca VIVA DANCE to nowe miejsce na tanecznej mapie \u0141odzi tworzone przez<br>Justyn\u0119 Nowak, aby dzieli\u0107 si\u0119 z Wami pasj\u0105 i zarazi\u0107 Was mi\u0142o\u015bci\u0105<br>do ta\u0144ca. Znajdziecie w ofercie kursy r\u00f3\u017cnych styli tanecznych, tak aby ka\u017cdy znalaz\u0142 co\u015b dla siebie.<br>Pragniemy zapewni\u0107 Wam odpowiednie zaplecze trenerskie, aby nasi uczniowie mogli<br>spe\u0142nia\u0107 swoje marzenia i wspina\u0107 si\u0119 po szczeblach tanecznej kariery. Zapewniamy \u015bwietne<br>warunki do nauki ta\u0144ca w obu lokalizacjach, profesjonalnie przygotowane sale taneczne, wyposa\u017cone w<br>nowoczesny sprz\u0119t audio i lustra. Z nami przekonasz si\u0119 jak wiele dobrego wniesie do<br>Twojego \u017cycia taniec, kt\u00f3ry pozwoli Ci na odczuwanie pozytywnych emocji i wyra\u017canie<br>siebie. Postaramy si\u0119 aby\u015bcie czuli si\u0119 u Nas komfortowo oraz \u017ceby udzia\u0142 w Naszych<br>zaj\u0119ciach nie by\u0142 tylko nauk\u0105 ta\u0144ca, a by\u0142 przyjemn\u0105 odskoczni\u0105 od \u017cycia codziennego.<br>Studio Ta\u0144ca VIVA DANCE mie\u015bci si\u0119 w \u0141odzi w dw\u00f3ch lokalizacjach, na osiedlu Radogoszcz, przy ulicy Li\u015bciastej 17 oraz na Retkini przy ulicy Retki\u0144skiej 70.<\/p>\n\n\n\n<figure class=\"wp-block-image size-large\"><img loading=\"lazy\" decoding=\"async\" width=\"1024\" height=\"614\" src=\"http:\/\/vivadance.pl\/wp-content\/uploads\/2021\/07\/customcolor_logo_transparent_background-1024x614.png\" alt=\"\" class=\"wp-image-19\" srcset=\"https:\/\/vivadance.pl\/wp-content\/uploads\/2021\/07\/customcolor_logo_transparent_background-1024x614.png 1024w, https:\/\/vivadance.pl\/wp-content\/uploads\/2021\/07\/customcolor_logo_transparent_background-300x180.png 300w, https:\/\/vivadance.pl\/wp-content\/uploads\/2021\/07\/customcolor_logo_transparent_background-768x461.png 768w, https:\/\/vivadance.pl\/wp-content\/uploads\/2021\/07\/customcolor_logo_transparent_background-1536x922.png 1536w, https:\/\/vivadance.pl\/wp-content\/uploads\/2021\/07\/customcolor_logo_transparent_background-2048x1229.png 2048w, https:\/\/vivadance.pl\/wp-content\/uploads\/2021\/07\/customcolor_logo_transparent_background-1568x941.png 1568w\" sizes=\"auto, (max-width: 1024px) 100vw, 1024px\" \/><\/figure>\n\n\n\n<div class=\"wp-block-columns is-layout-flex wp-container-core-columns-is-layout-9d6595d7 wp-block-columns-is-layout-flex\">\n<div class=\"wp-block-column is-layout-flow wp-block-column-is-layout-flow\">\n<figure class=\"wp-block-image size-large\"><img loading=\"lazy\" decoding=\"async\" width=\"682\" height=\"1024\" src=\"https:\/\/vivadance.pl\/wp-content\/uploads\/2024\/11\/WhatsApp-Image-2024-11-01-at-08.59.48-682x1024.jpeg\" alt=\"\" class=\"wp-image-1860\" srcset=\"https:\/\/vivadance.pl\/wp-content\/uploads\/2024\/11\/WhatsApp-Image-2024-11-01-at-08.59.48-682x1024.jpeg 682w, https:\/\/vivadance.pl\/wp-content\/uploads\/2024\/11\/WhatsApp-Image-2024-11-01-at-08.59.48-200x300.jpeg 200w, https:\/\/vivadance.pl\/wp-content\/uploads\/2024\/11\/WhatsApp-Image-2024-11-01-at-08.59.48-768x1154.jpeg 768w, https:\/\/vivadance.pl\/wp-content\/uploads\/2024\/11\/WhatsApp-Image-2024-11-01-at-08.59.48-1022x1536.jpeg 1022w, https:\/\/vivadance.pl\/wp-content\/uploads\/2024\/11\/WhatsApp-Image-2024-11-01-at-08.59.48.jpeg 1061w\" sizes=\"auto, (max-width: 682px) 100vw, 682px\" \/><\/figure>\n<\/div>\n\n\n\n<div class=\"wp-block-column is-layout-flow wp-block-column-is-layout-flow\">\n<figure class=\"wp-block-image size-large\"><img loading=\"lazy\" decoding=\"async\" width=\"1024\" height=\"683\" src=\"https:\/\/vivadance.pl\/wp-content\/uploads\/2024\/11\/WhatsApp-Image-2024-11-01-at-09.01.38-1-1024x683.jpeg\" alt=\"\" class=\"wp-image-1863\" srcset=\"https:\/\/vivadance.pl\/wp-content\/uploads\/2024\/11\/WhatsApp-Image-2024-11-01-at-09.01.38-1-1024x683.jpeg 1024w, https:\/\/vivadance.pl\/wp-content\/uploads\/2024\/11\/WhatsApp-Image-2024-11-01-at-09.01.38-1-300x200.jpeg 300w, https:\/\/vivadance.pl\/wp-content\/uploads\/2024\/11\/WhatsApp-Image-2024-11-01-at-09.01.38-1-768x512.jpeg 768w, https:\/\/vivadance.pl\/wp-content\/uploads\/2024\/11\/WhatsApp-Image-2024-11-01-at-09.01.38-1-1536x1025.jpeg 1536w, https:\/\/vivadance.pl\/wp-content\/uploads\/2024\/11\/WhatsApp-Image-2024-11-01-at-09.01.38-1.jpeg 2048w\" sizes=\"auto, (max-width: 1024px) 100vw, 1024px\" \/><\/figure>\n<\/div>\n<\/div>\n\n\n\n<div class=\"wp-block-columns is-layout-flex wp-container-core-columns-is-layout-9d6595d7 wp-block-columns-is-layout-flex\">\n<div class=\"wp-block-column is-layout-flow wp-block-column-is-layout-flow\"><\/div>\n\n\n\n<div class=\"wp-block-column is-layout-flow wp-block-column-is-layout-flow\"><\/div>\n<\/div>\n\n\n\n<p><\/p>\n","protected":false},"excerpt":{"rendered":"<p>Studio Ta\u0144ca VIVA DANCE to nowe miejsce na tanecznej mapie \u0141odzi tworzone przezJustyn\u0119 Nowak, aby dzieli\u0107 si\u0119 z Wami pasj\u0105 i zarazi\u0107 Was mi\u0142o\u015bci\u0105do ta\u0144ca. Znajdziecie w ofercie kursy r\u00f3\u017cnych styli tanecznych, tak aby ka\u017cdy znalaz\u0142 co\u015b dla siebie.Pragniemy zapewni\u0107 Wam odpowiednie zaplecze trenerskie, aby nasi uczniowie moglispe\u0142nia\u0107 swoje marzenia i wspina\u0107 si\u0119 po szczeblach[&#8230;]<\/p>\n","protected":false},"author":1,"featured_media":0,"parent":0,"menu_order":0,"comment_status":"closed","ping_status":"closed","template":"","meta":{"ub_ctt_via":"","footnotes":""},"class_list":["post-33","page","type-page","status-publish","hentry","wpbf-post"],"featured_image_src":null,"_links":{"self":[{"href":"https:\/\/vivadance.pl\/index.php\/wp-json\/wp\/v2\/pages\/33","targetHints":{"allow":["GET"]}}],"collection":[{"href":"https:\/\/vivadance.pl\/index.php\/wp-json\/wp\/v2\/pages"}],"about":[{"href":"https:\/\/vivadance.pl\/index.php\/wp-json\/wp\/v2\/types\/page"}],"author":[{"embeddable":true,"href":"https:\/\/vivadance.pl\/index.php\/wp-json\/wp\/v2\/users\/1"}],"replies":[{"embeddable":true,"href":"https:\/\/vivadance.pl\/index.php\/wp-json\/wp\/v2\/comments?post=33"}],"version-history":[{"count":18,"href":"https:\/\/vivadance.pl\/index.php\/wp-json\/wp\/v2\/pages\/33\/revisions"}],"predecessor-version":[{"id":1864,"href":"https:\/\/vivadance.pl\/index.php\/wp-json\/wp\/v2\/pages\/33\/revisions\/1864"}],"wp:attachment":[{"href":"https:\/\/vivadance.pl\/index.php\/wp-json\/wp\/v2\/media?parent=33"}],"curies":[{"name":"wp","href":"https:\/\/api.w.org\/{rel}","templated":true}]}}