{"id":1826,"date":"2024-09-04T10:43:42","date_gmt":"2024-09-04T08:43:42","guid":{"rendered":"https:\/\/vivadance.pl\/?page_id=1826"},"modified":"2024-09-04T10:43:42","modified_gmt":"2024-09-04T08:43:42","slug":"zajecia-taneczne-w-placowkach-szkolnych-i-przedszkolnych","status":"publish","type":"page","link":"https:\/\/vivadance.pl\/index.php\/zajecia-taneczne-w-placowkach-szkolnych-i-przedszkolnych\/","title":{"rendered":"ZAJ\u0118CIA TANECZNE W PLAC\u00d3WKACH SZKOLNYCH I PRZEDSZKOLNYCH"},"content":{"rendered":"\n<p>Zapraszamy Pa\u0144stwa do zapis\u00f3w na zaj\u0119cia taneczne, kt\u00f3re odbywaj\u0105 si\u0119 w Pa\u0144stwa plac\u00f3wkach szkolnych lub przedszkolnych:<\/p>\n\n\n\n<ul class=\"wp-block-list\">\n<li>Zapisy na zaj\u0119cia taneczne w szko\u0142ach podstawowych:<br><a href=\"https:\/\/forms.gle\/t8hxSNJ4bxp6gC4Q9\">https:\/\/forms.gle\/t8hxSNJ4bxp6gC4Q9<\/a><\/li>\n\n\n\n<li>Zapisy na zaj\u0119cia taneczne w plac\u00f3wkach przedszkolnych:<br><a href=\"https:\/\/forms.gle\/fVAFb3pvf9uwp9rw8\">https:\/\/forms.gle\/fVAFb3pvf9uwp9rw8<\/a><\/li>\n<\/ul>\n\n\n\n<p>Wszelkie informacje znajduj\u0105 si\u0119 w formularzu.<\/p>\n\n\n\n<p><\/p>\n","protected":false},"excerpt":{"rendered":"<p>Zapraszamy Pa\u0144stwa do zapis\u00f3w na zaj\u0119cia taneczne, kt\u00f3re odbywaj\u0105 si\u0119 w Pa\u0144stwa plac\u00f3wkach szkolnych lub przedszkolnych: Wszelkie informacje znajduj\u0105 si\u0119 w formularzu.<\/p>\n","protected":false},"author":6,"featured_media":0,"parent":0,"menu_order":0,"comment_status":"closed","ping_status":"closed","template":"","meta":{"ub_ctt_via":"","footnotes":""},"class_list":["post-1826","page","type-page","status-publish","hentry","wpbf-post"],"featured_image_src":null,"_links":{"self":[{"href":"https:\/\/vivadance.pl\/index.php\/wp-json\/wp\/v2\/pages\/1826","targetHints":{"allow":["GET"]}}],"collection":[{"href":"https:\/\/vivadance.pl\/index.php\/wp-json\/wp\/v2\/pages"}],"about":[{"href":"https:\/\/vivadance.pl\/index.php\/wp-json\/wp\/v2\/types\/page"}],"author":[{"embeddable":true,"href":"https:\/\/vivadance.pl\/index.php\/wp-json\/wp\/v2\/users\/6"}],"replies":[{"embeddable":true,"href":"https:\/\/vivadance.pl\/index.php\/wp-json\/wp\/v2\/comments?post=1826"}],"version-history":[{"count":1,"href":"https:\/\/vivadance.pl\/index.php\/wp-json\/wp\/v2\/pages\/1826\/revisions"}],"predecessor-version":[{"id":1827,"href":"https:\/\/vivadance.pl\/index.php\/wp-json\/wp\/v2\/pages\/1826\/revisions\/1827"}],"wp:attachment":[{"href":"https:\/\/vivadance.pl\/index.php\/wp-json\/wp\/v2\/media?parent=1826"}],"curies":[{"name":"wp","href":"https:\/\/api.w.org\/{rel}","templated":true}]}}