{"id":34,"date":"2021-07-24T13:11:57","date_gmt":"2021-07-24T11:11:57","guid":{"rendered":"http:\/\/vivadance.pl\/?page_id=34"},"modified":"2026-01-24T11:10:11","modified_gmt":"2026-01-24T10:10:11","slug":"kontakt","status":"publish","type":"page","link":"http:\/\/vivadance.pl\/index.php\/kontakt\/","title":{"rendered":"Kontakt"},"content":{"rendered":"\n<p><strong>RADOGOSZCZ:<\/strong><\/p>\n\n\n\n<p class=\"has-large-font-size\"><strong>Adres:<\/strong> ul. Li\u015bciasta 17, 91-357 \u0141\u00f3d\u017a<\/p>\n\n\n\n<p class=\"has-large-font-size\"><strong>RETKINIA:<\/strong><br><strong>Adres:<\/strong> Retki\u0144ska 70, pietro 1, 94-004 \u0141\u00f3d\u017a<\/p>\n\n\n\n<p class=\"has-large-font-size\"><strong>BRUKOWA:<\/strong><br><strong>Adres<\/strong>: Brukowa 6, 91-341 \u0141\u00f3d\u017a<br><br><strong>E-mail:<\/strong> <a href=\"mailto:vivadance.lodz@gmail.com\">vivadance.lodz@gmail.com<\/a><br><strong>Facebook:<\/strong> <a href=\"https:\/\/www.facebook.com\/vivadancelodz\" data-type=\"URL\" data-id=\"https:\/\/www.facebook.com\/vivadancelodz\" target=\"_blank\" rel=\"noreferrer noopener\">VIVA DANCE \u0141\u00f3d\u017a (@vivadancelodz)<\/a><br><strong>Instagram:<\/strong> <a href=\"https:\/\/www.instagram.com\/vivadance_lodz\/\" data-type=\"URL\" data-id=\"https:\/\/www.instagram.com\/vivadance_lodz\/\" target=\"_blank\" rel=\"noreferrer noopener\">@vivadance_lodz<\/a><\/p>\n\n\n\n<ul class=\"wp-block-social-links is-layout-flex wp-block-social-links-is-layout-flex\"><li class=\"wp-social-link wp-social-link-tiktok  wp-block-social-link\"><a href=\"https:\/\/@vivadancelodz_\" class=\"wp-block-social-link-anchor\"><svg width=\"24\" height=\"24\" viewBox=\"0 0 32 32\" version=\"1.1\" xmlns=\"http:\/\/www.w3.org\/2000\/svg\" aria-hidden=\"true\" focusable=\"false\"><path d=\"M16.708 0.027c1.745-0.027 3.48-0.011 5.213-0.027 0.105 2.041 0.839 4.12 2.333 5.563 1.491 1.479 3.6 2.156 5.652 2.385v5.369c-1.923-0.063-3.855-0.463-5.6-1.291-0.76-0.344-1.468-0.787-2.161-1.24-0.009 3.896 0.016 7.787-0.025 11.667-0.104 1.864-0.719 3.719-1.803 5.255-1.744 2.557-4.771 4.224-7.88 4.276-1.907 0.109-3.812-0.411-5.437-1.369-2.693-1.588-4.588-4.495-4.864-7.615-0.032-0.667-0.043-1.333-0.016-1.984 0.24-2.537 1.495-4.964 3.443-6.615 2.208-1.923 5.301-2.839 8.197-2.297 0.027 1.975-0.052 3.948-0.052 5.923-1.323-0.428-2.869-0.308-4.025 0.495-0.844 0.547-1.485 1.385-1.819 2.333-0.276 0.676-0.197 1.427-0.181 2.145 0.317 2.188 2.421 4.027 4.667 3.828 1.489-0.016 2.916-0.88 3.692-2.145 0.251-0.443 0.532-0.896 0.547-1.417 0.131-2.385 0.079-4.76 0.095-7.145 0.011-5.375-0.016-10.735 0.025-16.093z\" \/><\/svg><span class=\"wp-block-social-link-label screen-reader-text\">TikTok<\/span><\/a><\/li><\/ul>\n\n\n\n<p class=\"has-large-font-size\"><br><strong>Numer telefonu:<\/strong> <\/p>\n\n\n\n<p class=\"has-large-font-size\">RADOGOSZCZ: 735-958-405<br>RETKINIA: 698-005-200<br>BRUKOWA: 604-404-006<br>SPRAWY ZWI\u0104ZANE Z PLAC\u00d3WKAMI PRZEDSZKOLNYMI ORAZ SZKOLNYMI: 735-958-405<\/p>\n\n\n\n<p class=\"has-large-font-size\">694&nbsp;128&nbsp;994 (Justyna Nowak)<br><strong>Numer konta bankowego<\/strong>: mBank 43114020040000370281200694<\/p>\n\n\n\n<p class=\"has-large-font-size\"><strong>Regulamin studia ta\u0144ca<\/strong>: <\/p>\n\n\n\n<div class=\"wp-block-file\"><a id=\"wp-block-file--media-4d678209-f7fa-4226-9ad6-dbe8db34d2e2\" href=\"https:\/\/vivadance.pl\/wp-content\/uploads\/2024\/08\/REGULAMIN-STUDIA-TANCA-VIVA-DANCE-2024.docx\">REGULAMIN-STUDIA-TAN\u0301CA-VIVA-DANCE 2024<\/a><a href=\"https:\/\/vivadance.pl\/wp-content\/uploads\/2024\/08\/REGULAMIN-STUDIA-TANCA-VIVA-DANCE-2024.docx\" class=\"wp-block-file__button wp-element-button\" download aria-describedby=\"wp-block-file--media-4d678209-f7fa-4226-9ad6-dbe8db34d2e2\">Pobierz<\/a><\/div>\n\n\n\n<iframe src=\"https:\/\/www.google.com\/maps\/embed?pb=!1m18!1m12!1m3!1d2466.88583790121!2d19.428230016104862!3d51.80824657968563!2m3!1f0!2f0!3f0!3m2!1i1024!2i768!4f13.1!3m3!1m2!1s0x471bcb4ae232f1c5%3A0x3b4a77c01278622b!2sStudio%20Ta%C5%84ca%20VIVA%20DANCE!5e0!3m2!1spl!2spl!4v1629275931472!5m2!1spl!2spl\" height=\"450\" style=\"border:0; width:100%;\" allowfullscreen=\"\" loading=\"lazy\"><\/iframe>\n\n\n\n<p><\/p>\n","protected":false},"excerpt":{"rendered":"<p>RADOGOSZCZ: Adres: ul. Li\u015bciasta 17, 91-357 \u0141\u00f3d\u017a RETKINIA:Adres: Retki\u0144ska 70, pietro 1, 94-004 \u0141\u00f3d\u017a BRUKOWA:Adres: Brukowa 6, 91-341 \u0141\u00f3d\u017a E-mail: vivadance.lodz@gmail.comFacebook: VIVA DANCE \u0141\u00f3d\u017a (@vivadancelodz)Instagram: @vivadance_lodz Numer telefonu: RADOGOSZCZ: 735-958-405RETKINIA: 698-005-200BRUKOWA: 604-404-006SPRAWY ZWI\u0104ZANE Z PLAC\u00d3WKAMI PRZEDSZKOLNYMI ORAZ SZKOLNYMI: 735-958-405 694&nbsp;128&nbsp;994 (Justyna Nowak)Numer konta bankowego: mBank 43114020040000370281200694 Regulamin studia ta\u0144ca:<\/p>\n","protected":false},"author":1,"featured_media":0,"parent":0,"menu_order":0,"comment_status":"closed","ping_status":"closed","template":"","meta":{"ub_ctt_via":"","footnotes":""},"class_list":["post-34","page","type-page","status-publish","hentry","wpbf-post"],"featured_image_src":null,"_links":{"self":[{"href":"http:\/\/vivadance.pl\/index.php\/wp-json\/wp\/v2\/pages\/34","targetHints":{"allow":["GET"]}}],"collection":[{"href":"http:\/\/vivadance.pl\/index.php\/wp-json\/wp\/v2\/pages"}],"about":[{"href":"http:\/\/vivadance.pl\/index.php\/wp-json\/wp\/v2\/types\/page"}],"author":[{"embeddable":true,"href":"http:\/\/vivadance.pl\/index.php\/wp-json\/wp\/v2\/users\/1"}],"replies":[{"embeddable":true,"href":"http:\/\/vivadance.pl\/index.php\/wp-json\/wp\/v2\/comments?post=34"}],"version-history":[{"count":20,"href":"http:\/\/vivadance.pl\/index.php\/wp-json\/wp\/v2\/pages\/34\/revisions"}],"predecessor-version":[{"id":2015,"href":"http:\/\/vivadance.pl\/index.php\/wp-json\/wp\/v2\/pages\/34\/revisions\/2015"}],"wp:attachment":[{"href":"http:\/\/vivadance.pl\/index.php\/wp-json\/wp\/v2\/media?parent=34"}],"curies":[{"name":"wp","href":"https:\/\/api.w.org\/{rel}","templated":true}]}}