{"id":32,"date":"2021-07-24T13:11:57","date_gmt":"2021-07-24T11:11:57","guid":{"rendered":"http:\/\/vivadance.pl\/?page_id=32"},"modified":"2026-04-14T14:43:44","modified_gmt":"2026-04-14T12:43:44","slug":"oferta","status":"publish","type":"page","link":"http:\/\/vivadance.pl\/index.php\/oferta\/","title":{"rendered":"Oferta"},"content":{"rendered":"\n<div style=\"height:50px\" aria-hidden=\"true\" class=\"wp-block-spacer\"><\/div>\n\n\n<div class=\"wp-block-ub-tabbed-content wp-block-ub-tabbed-content-holder vertical-holder wp-block-ub-tabbed-content-vertical-holder-mobile wp-block-ub-tabbed-content-vertical-holder-tablet\" id=\"ub-tabbed-content-b2827185-7421-4e8b-a7b2-974519666569\">\n                <div class=\"wp-block-ub-tabbed-content-tab-holder vertical-tab-width vertical-tab-width-mobile vertical-tab-width-tablet\">\n                    <div role=\"tablist\" class=\"wp-block-ub-tabbed-content-tabs-title-vertical-tab wp-block-ub-tabbed-content-tabs-title-mobile-vertical-tab wp-block-ub-tabbed-content-tabs-title-tablet-vertical-tab\"><div role=\"tab\" id=\"ub-tabbed-content-b2827185-7421-4e8b-a7b2-974519666569-tab-0\" aria-controls=\"ub-tabbed-content-b2827185-7421-4e8b-a7b2-974519666569-panel-0\"\n            aria-selected=\"false\" class = \"wp-block-ub-tabbed-content-tab-title-vertical-wrap wp-block-ub-tabbed-content-tab-title-mobile-vertical-wrap wp-block-ub-tabbed-content-tab-title-tablet-vertical-wrap\" tabindex=\"-1\">\n            <div class=\"wp-block-ub-tabbed-content-tab-title\">Zaj\u0119cia MINI (4-7 LAT)<\/div><\/div><div role=\"tab\" id=\"ub-tabbed-content-b2827185-7421-4e8b-a7b2-974519666569-tab-1\" aria-controls=\"ub-tabbed-content-b2827185-7421-4e8b-a7b2-974519666569-panel-1\"\n            aria-selected=\"false\" class = \"wp-block-ub-tabbed-content-tab-title-vertical-wrap wp-block-ub-tabbed-content-tab-title-mobile-vertical-wrap wp-block-ub-tabbed-content-tab-title-tablet-vertical-wrap\" tabindex=\"-1\">\n            <div class=\"wp-block-ub-tabbed-content-tab-title\">Zaj\u0119cia Dzieci (7-11 LAT) i M\u0142odzie\u017cy (12-16 LAT)<\/div><\/div><div role=\"tab\" id=\"ub-tabbed-content-b2827185-7421-4e8b-a7b2-974519666569-tab-2\" aria-controls=\"ub-tabbed-content-b2827185-7421-4e8b-a7b2-974519666569-panel-2\"\n            aria-selected=\"false\" class = \"wp-block-ub-tabbed-content-tab-title-vertical-wrap wp-block-ub-tabbed-content-tab-title-mobile-vertical-wrap wp-block-ub-tabbed-content-tab-title-tablet-vertical-wrap\" tabindex=\"-1\">\n            <div class=\"wp-block-ub-tabbed-content-tab-title\">Zaj\u0119cia dla doros\u0142ych<\/div><\/div><div role=\"tab\" id=\"ub-tabbed-content-b2827185-7421-4e8b-a7b2-974519666569-tab-3\" aria-controls=\"ub-tabbed-content-b2827185-7421-4e8b-a7b2-974519666569-panel-3\"\n            aria-selected=\"false\" class = \"wp-block-ub-tabbed-content-tab-title-vertical-wrap wp-block-ub-tabbed-content-tab-title-mobile-vertical-wrap wp-block-ub-tabbed-content-tab-title-tablet-vertical-wrap\" tabindex=\"-1\">\n            <div class=\"wp-block-ub-tabbed-content-tab-title\">Zaj\u0119cia dla par<\/div><\/div><div role=\"tab\" id=\"ub-tabbed-content-b2827185-7421-4e8b-a7b2-974519666569-tab-4\" aria-controls=\"ub-tabbed-content-b2827185-7421-4e8b-a7b2-974519666569-panel-4\"\n            aria-selected=\"true\" class = \"wp-block-ub-tabbed-content-tab-title-vertical-wrap wp-block-ub-tabbed-content-tab-title-mobile-vertical-wrap wp-block-ub-tabbed-content-tab-title-tablet-vertical-wrap active\" tabindex=\"-1\">\n            <div class=\"wp-block-ub-tabbed-content-tab-title\">Voucher prezentowy<\/div><\/div><div role=\"tab\" id=\"ub-tabbed-content-b2827185-7421-4e8b-a7b2-974519666569-tab-5\" aria-controls=\"ub-tabbed-content-b2827185-7421-4e8b-a7b2-974519666569-panel-5\"\n            aria-selected=\"false\" class = \"wp-block-ub-tabbed-content-tab-title-vertical-wrap wp-block-ub-tabbed-content-tab-title-mobile-vertical-wrap wp-block-ub-tabbed-content-tab-title-tablet-vertical-wrap\" tabindex=\"-1\">\n            <div class=\"wp-block-ub-tabbed-content-tab-title\">Oferta dodatkowa<\/div><\/div><div role=\"tab\" id=\"ub-tabbed-content-b2827185-7421-4e8b-a7b2-974519666569-tab-6\" aria-controls=\"ub-tabbed-content-b2827185-7421-4e8b-a7b2-974519666569-panel-6\"\n            aria-selected=\"false\" class = \"wp-block-ub-tabbed-content-tab-title-vertical-wrap wp-block-ub-tabbed-content-tab-title-mobile-vertical-wrap wp-block-ub-tabbed-content-tab-title-tablet-vertical-wrap\" tabindex=\"-1\">\n            <div class=\"wp-block-ub-tabbed-content-tab-title\">Oferta dla szk\u00f3\u0142 i przedszkoli<\/div><\/div><div role=\"tab\" id=\"ub-tabbed-content-b2827185-7421-4e8b-a7b2-974519666569-tab-7\" aria-controls=\"ub-tabbed-content-b2827185-7421-4e8b-a7b2-974519666569-panel-7\"\n            aria-selected=\"false\" class = \"wp-block-ub-tabbed-content-tab-title-vertical-wrap wp-block-ub-tabbed-content-tab-title-mobile-vertical-wrap wp-block-ub-tabbed-content-tab-title-tablet-vertical-wrap\" tabindex=\"-1\">\n            <div class=\"wp-block-ub-tabbed-content-tab-title\">Oferta dla firm<\/div><\/div><\/div><\/div>\n                <div class=\"wp-block-ub-tabbed-content-tabs-content vertical-content-width  vertical-content-width-mobile vertical-content-width-tablet\"><div role=\"tabpanel\" class=\"wp-block-ub-tabbed-content-tab-content-wrap ub-hide\"\n        id=\"ub-tabbed-content-b2827185-7421-4e8b-a7b2-974519666569-panel-0\" aria-labelledby=\"ub-tabbed-content-b2827185-7421-4e8b-a7b2-974519666569-tab-0\" tabindex=\"0\">\n\r\n\t<a class=\"paoc-popup-click paoc-popup-cust-329 paoc-popup-simple_link paoc-popup-link\" href=\"javascript:void(0);\">Rozta\u0144czony Maluch (4-6 lat)<\/a>\r\n\r\n\n\n\n\n<div style=\"height:1px\" aria-hidden=\"true\" class=\"wp-block-spacer\"><\/div>\n\n\n\n<div style=\"height:1px\" aria-hidden=\"true\" class=\"wp-block-spacer\"><\/div>\n\n\n\r\n\t<a class=\"paoc-popup-click paoc-popup-cust-332 paoc-popup-simple_link paoc-popup-link\" href=\"javascript:void(0);\">Hip Hop Mini (5-7 lat)<\/a>\r\n\r\n\n\n\n\n<div style=\"height:1px\" aria-hidden=\"true\" class=\"wp-block-spacer\"><\/div>\n\n\n\r\n\t<a class=\"paoc-popup-click paoc-popup-cust-348 paoc-popup-simple_link paoc-popup-link\" href=\"javascript:void(0);\">Taniec Towarzyski Mini (5-7 lat)<\/a>\r\n\r\n\n\n\n\n<div style=\"height:0px\" aria-hidden=\"true\" class=\"wp-block-spacer\"><\/div>\n\n\n\r\n\t<a class=\"paoc-popup-click paoc-popup-cust-347 paoc-popup-simple_link paoc-popup-link\" href=\"javascript:void(0);\">Formacja Latin Show Girls (5-9 lat)<\/a>\r\n\r\n\n\n\n\n<div style=\"height:0px\" aria-hidden=\"true\" class=\"wp-block-spacer\"><\/div>\n\n\n\r\n\t<a class=\"paoc-popup-click paoc-popup-cust-1721 paoc-popup-simple_link paoc-popup-link\" href=\"javascript:void(0);\">Akrobatyka Mini (5-7 lat)<\/a>\r\n\r\n\n\n<\/div><div role=\"tabpanel\" class=\"wp-block-ub-tabbed-content-tab-content-wrap ub-hide\"\n        id=\"ub-tabbed-content-b2827185-7421-4e8b-a7b2-974519666569-panel-1\" aria-labelledby=\"ub-tabbed-content-b2827185-7421-4e8b-a7b2-974519666569-tab-1\" tabindex=\"0\">\n\r\n\t<a class=\"paoc-popup-click paoc-popup-cust-342 paoc-popup-simple_link paoc-popup-link\" href=\"javascript:void(0);\">Akrobatyka (8-12 lat)<\/a>\r\n\r\n\n\n\n\n<div style=\"height:1px\" aria-hidden=\"true\" class=\"wp-block-spacer\"><\/div>\n\n\n\n\n\n\n<div style=\"height:1px\" aria-hidden=\"true\" class=\"wp-block-spacer\"><\/div>\n\n\n\r\n\t<a class=\"paoc-popup-click paoc-popup-cust-345 paoc-popup-simple_link paoc-popup-link\" href=\"javascript:void(0);\">Hip Hop (12-16 lat)<\/a>\r\n\r\n\n\n\n\n<div style=\"height:1px\" aria-hidden=\"true\" class=\"wp-block-spacer\"><\/div>\n\n\n\r\n\t<a class=\"paoc-popup-click paoc-popup-cust-346 paoc-popup-simple_link paoc-popup-link\" href=\"javascript:void(0);\">Disco Dance (7-11 lat)<\/a>\r\n\r\n\n\n\n\n<div style=\"height:1px\" aria-hidden=\"true\" class=\"wp-block-spacer\"><\/div>\n\n\n\r\n\t<a class=\"paoc-popup-click paoc-popup-cust-347 paoc-popup-simple_link paoc-popup-link\" href=\"javascript:void(0);\">Formacja Latin Show Girls (5-9 lat)<\/a>\r\n\r\n\n\n\n\n<div style=\"height:1px\" aria-hidden=\"true\" class=\"wp-block-spacer\"><\/div>\n\n\n\n<div style=\"height:1px\" aria-hidden=\"true\" class=\"wp-block-spacer\"><\/div>\n\n\n\r\n\t<a class=\"paoc-popup-click paoc-popup-cust-349 paoc-popup-simple_link paoc-popup-link\" href=\"javascript:void(0);\">Taniec towarzyski sport<\/a>\r\n\r\n\n\n\n\n<div style=\"height:1px\" aria-hidden=\"true\" class=\"wp-block-spacer\"><\/div>\n\n\n\n<div style=\"height:1px\" aria-hidden=\"true\" class=\"wp-block-spacer\"><\/div>\n\n\n\r\n\t<a class=\"paoc-popup-click paoc-popup-cust-350 paoc-popup-simple_link paoc-popup-link\" href=\"javascript:void(0);\">Show dance (7-11 lat)<\/a>\r\n\r\n\n\n\n\n<div style=\"height:1px\" aria-hidden=\"true\" class=\"wp-block-spacer\"><\/div>\n\n\n\n\n\n\n<div style=\"height:0px\" aria-hidden=\"true\" class=\"wp-block-spacer\"><\/div>\n\n\n\n\n\n\n<div style=\"height:0px\" aria-hidden=\"true\" class=\"wp-block-spacer\"><\/div>\n\n\n\r\n\t<a class=\"paoc-popup-click paoc-popup-cust-1415 paoc-popup-simple_link paoc-popup-link\" href=\"javascript:void(0);\">Taniec wsp\u00f3\u0142czesny (8-12 lat)<\/a>\r\n\r\n\n\n\n\n<div style=\"height:0px\" aria-hidden=\"true\" class=\"wp-block-spacer\"><\/div>\n\n\n\n\n\n\n<div style=\"height:3px\" aria-hidden=\"true\" class=\"wp-block-spacer\"><\/div>\n\n\n\r\n\t<a class=\"paoc-popup-click paoc-popup-cust-1724 paoc-popup-simple_link paoc-popup-link\" href=\"javascript:void(0);\">Taniec Towarzyski Dzieci (8-12 lat)<\/a>\r\n\r\n\n\n\n\n<div style=\"height:3px\" aria-hidden=\"true\" class=\"wp-block-spacer\"><\/div>\n\n\n\r\n\t<a class=\"paoc-popup-click paoc-popup-cust-1726 paoc-popup-simple_link paoc-popup-link\" href=\"javascript:void(0);\">Hip Hop Dzieci (8-11 lat)<\/a>\r\n\r\n\n\n<\/div><div role=\"tabpanel\" class=\"wp-block-ub-tabbed-content-tab-content-wrap ub-hide\"\n        id=\"ub-tabbed-content-b2827185-7421-4e8b-a7b2-974519666569-panel-2\" aria-labelledby=\"ub-tabbed-content-b2827185-7421-4e8b-a7b2-974519666569-tab-2\" tabindex=\"0\">\n\r\n\t<a class=\"paoc-popup-click paoc-popup-cust-354 paoc-popup-simple_link paoc-popup-link\" href=\"javascript:void(0);\">Latino solo<\/a>\r\n\r\n\n\n\n\n<div style=\"height:1px\" aria-hidden=\"true\" class=\"wp-block-spacer\"><\/div>\n\n\n\r\n\t<a class=\"paoc-popup-click paoc-popup-cust-355 paoc-popup-simple_link paoc-popup-link\" href=\"javascript:void(0);\">Taniec w parach<\/a>\r\n\r\n\n\n\n\n<div style=\"height:1px\" aria-hidden=\"true\" class=\"wp-block-spacer\"><\/div>\n\n\n\r\n\t<a class=\"paoc-popup-click paoc-popup-cust-356 paoc-popup-simple_link paoc-popup-link\" href=\"javascript:void(0);\">Zumba<\/a>\r\n\r\n\n\n\n\n<div style=\"height:1px\" aria-hidden=\"true\" class=\"wp-block-spacer\"><\/div>\n\n\n\r\n\t<a class=\"paoc-popup-click paoc-popup-cust-357 paoc-popup-simple_link paoc-popup-link\" href=\"javascript:void(0);\">Zdrowy kr\u0119gos\u0142up<\/a>\r\n\r\n\n\n\n\n<div style=\"height:1px\" aria-hidden=\"true\" class=\"wp-block-spacer\"><\/div>\n\n\n\n\n\n\n<div style=\"height:1px\" aria-hidden=\"true\" class=\"wp-block-spacer\"><\/div>\n\n\n\n\n\n\n<div style=\"height:3px\" aria-hidden=\"true\" class=\"wp-block-spacer\"><\/div>\n\n\n\r\n\t<a class=\"paoc-popup-click paoc-popup-cust-1467 paoc-popup-simple_link paoc-popup-link\" href=\"javascript:void(0);\">Pilates<\/a>\r\n\r\n\n\n\n\n<div style=\"height:1px\" aria-hidden=\"true\" class=\"wp-block-spacer\"><\/div>\n\n\n\r\n\t<a class=\"paoc-popup-click paoc-popup-cust-1470 paoc-popup-simple_link paoc-popup-link\" href=\"javascript:void(0);\">Bachata<\/a>\r\n\r\n\n\n\n\n<div style=\"height:2px\" aria-hidden=\"true\" class=\"wp-block-spacer\"><\/div>\n\n\n\r\n\t<a class=\"paoc-popup-click paoc-popup-cust-1472 paoc-popup-simple_link paoc-popup-link\" href=\"javascript:void(0);\">Bachata w parach<\/a>\r\n\r\n\n\n<\/div><div role=\"tabpanel\" class=\"wp-block-ub-tabbed-content-tab-content-wrap ub-hide\"\n        id=\"ub-tabbed-content-b2827185-7421-4e8b-a7b2-974519666569-panel-3\" aria-labelledby=\"ub-tabbed-content-b2827185-7421-4e8b-a7b2-974519666569-tab-3\" tabindex=\"0\">\n\r\n\t<a class=\"paoc-popup-click paoc-popup-cust-361 paoc-popup-simple_link paoc-popup-link\" href=\"javascript:void(0);\">Pierwszy taniec<\/a>\r\n\r\n\n\n\n\n<div style=\"height:1px\" aria-hidden=\"true\" class=\"wp-block-spacer\"><\/div>\n\n\n\r\n\t<a class=\"paoc-popup-click paoc-popup-cust-362 paoc-popup-simple_link paoc-popup-link\" href=\"javascript:void(0);\">Taniec w parach<\/a>\r\n\r\n\n\n\n\n<div style=\"height:1px\" aria-hidden=\"true\" class=\"wp-block-spacer\"><\/div>\n\n\n\r\n\t<a class=\"paoc-popup-click paoc-popup-cust-1472 paoc-popup-simple_link paoc-popup-link\" href=\"javascript:void(0);\">Bachata w parach<\/a>\r\n\r\n\n\n<\/div><div role=\"tabpanel\" class=\"wp-block-ub-tabbed-content-tab-content-wrap active\"\n        id=\"ub-tabbed-content-b2827185-7421-4e8b-a7b2-974519666569-panel-4\" aria-labelledby=\"ub-tabbed-content-b2827185-7421-4e8b-a7b2-974519666569-tab-4\" tabindex=\"0\">\n\n<p><\/p>\n\n\n\n<div data-wp-interactive=\"core\/file\" class=\"wp-block-file\"><object data-wp-bind--hidden=\"!state.hasPdfPreview\" hidden class=\"wp-block-file__embed\" data=\"https:\/\/vivadance.pl\/wp-content\/uploads\/2026\/04\/VOUCHER-INSTRUKCJA.pdf\" type=\"application\/pdf\" style=\"width:100%;height:600px\" aria-label=\"Osadzone z VOUCHER- INSTRUKCJA.\"><\/object><a id=\"wp-block-file--media-6493c851-7887-4200-992f-f014dd9fe609\" href=\"https:\/\/vivadance.pl\/wp-content\/uploads\/2026\/04\/VOUCHER-INSTRUKCJA.pdf\">VOUCHER- INSTRUKCJA<\/a><a href=\"https:\/\/vivadance.pl\/wp-content\/uploads\/2026\/04\/VOUCHER-INSTRUKCJA.pdf\" class=\"wp-block-file__button wp-element-button\" download aria-describedby=\"wp-block-file--media-6493c851-7887-4200-992f-f014dd9fe609\">Pobierz<\/a><\/div>\n\n<\/div><div role=\"tabpanel\" class=\"wp-block-ub-tabbed-content-tab-content-wrap ub-hide\"\n        id=\"ub-tabbed-content-b2827185-7421-4e8b-a7b2-974519666569-panel-5\" aria-labelledby=\"ub-tabbed-content-b2827185-7421-4e8b-a7b2-974519666569-tab-5\" tabindex=\"0\">\n\n<p><strong>Zaj\u0119cia taneczne przygotowane specjalnie do wieku dzieci.<\/strong><\/p>\n\n\n\n<p>Maj\u0105 one na celu, opr\u00f3cz nauki ta\u0144ca, pom\u00f3c w kszta\u0142towaniu poczucia rytmu, postawy cia\u0142a, sprawno\u015bci ruchowej, wspom\u00f3c aktywno\u015b\u0107 rozwojow\u0105 i psychofizyczn\u0105 dzieci, poprawi\u0107 pami\u0119\u0107, wyrobi\u0107 umiej\u0119tno\u015bci koncentracji i dyscypliny.<\/p>\n\n\n\n<p><strong>Zaj\u0119cia mog\u0105 odbywa\u0107 si\u0119 popo\u0142udniami lub by\u0107 na sta\u0142e wpisane do grafiku zaj\u0119\u0107 plac\u00f3wki.&nbsp;<\/strong><\/p>\n\n\n\n<p><strong>W ofercie znale\u017a\u0107 mo\u017cna zaj\u0119cia z:&nbsp;<\/strong><\/p>\n\n\n\n<p>\u2022 Ta\u0144ca towarzyskiego (ta\u0144ce standardowe jak i ta\u0144ce latynoameryka\u0144skie) \u2013 zaj\u0119cia dla dziewczynek i ch\u0142opc\u00f3w,&nbsp;<\/p>\n\n\n\n<p>\u2022 Formacji Latino (ta\u0144ce m.in. takie jak: samba, cha-cha, salsa, paso doble, rumba, jive) \u2013 zaj\u0119cia dla dziewczynek, kt\u00f3re stworz\u0105 grup\u0119 formacyjn\u0105,&nbsp;<\/p>\n\n\n\n<p>\u2022 Formacja Hip-Hop\u2013 dla dziewczynek i ch\u0142opc\u00f3w,&nbsp;<\/p>\n\n\n\n<p>\u2022 Tanecznego Mix-u \u2013 dla najm\u0142odszych (czyli po\u0142\u0105czenia r\u00f3\u017cnych styli tanecznych, inaczej m\u00f3wi\u0105c ZUMBA dla dzieci).<\/p>\n\n\n\n<p><strong>Zaj\u0119cia w wyj\u0105tkowo atrakcyjnej cenie, kt\u00f3ra obejmuje:&nbsp;<\/strong><\/p>\n\n\n\n<p>\u2022 dojazd instruktora bezpo\u015brednio na miejsce do plac\u00f3wki;&nbsp;<\/p>\n\n\n\n<p>\u2022 pokaz par tanecznych lub formacji tanecznej oraz pierwsze zaj\u0119cia bezp\u0142atne pokazowe\/otwarte dla wszystkich ch\u0119tnych dzieci;&nbsp;<\/p>\n\n\n\n<p>\u2022 w\u0142asny sprz\u0119t graj\u0105cy;&nbsp;<\/p>\n\n\n\n<p>\u2022 zaj\u0119cia taneczne , kt\u00f3re trwaj\u0105 30 min (w przedszkolach) 45 min (w plac\u00f3wkach szkolnych).<\/p>\n\n\n\n<p><a href=\"http:\/\/vivadance.pl\/wp-content\/uploads\/2022\/07\/OFERTA-TANECZNA-DLA-PRZEDSZKOLI-2022-2023-skompresowany-1.pdf\" data-type=\"URL\">Dok\u0142adna oferta<\/a><\/p>\n\n<\/div><div role=\"tabpanel\" class=\"wp-block-ub-tabbed-content-tab-content-wrap ub-hide\"\n        id=\"ub-tabbed-content-b2827185-7421-4e8b-a7b2-974519666569-panel-6\" aria-labelledby=\"ub-tabbed-content-b2827185-7421-4e8b-a7b2-974519666569-tab-6\" tabindex=\"0\">\n\n<p><\/p>\n\n<\/div><div role=\"tabpanel\" class=\"wp-block-ub-tabbed-content-tab-content-wrap ub-hide\"\n        id=\"ub-tabbed-content-b2827185-7421-4e8b-a7b2-974519666569-panel-7\" aria-labelledby=\"ub-tabbed-content-b2827185-7421-4e8b-a7b2-974519666569-tab-7\" tabindex=\"0\">\n\r\n\t<a class=\"paoc-popup-click paoc-popup-cust-365 paoc-popup-simple_link paoc-popup-link\" href=\"javascript:void(0);\">Urodziny taneczne dla dzieci<\/a>\r\n\r\n\n\n\n\n<div style=\"height:1px\" aria-hidden=\"true\" class=\"wp-block-spacer\"><\/div>\n\n\n\r\n\t<a class=\"paoc-popup-click paoc-popup-cust-367 paoc-popup-simple_link paoc-popup-link\" href=\"javascript:void(0);\">Pokazy taneczne<\/a>\r\n\r\n\n\n\n\n<div style=\"height:1px\" aria-hidden=\"true\" class=\"wp-block-spacer\"><\/div>\n\n\n\r\n\t<a class=\"paoc-popup-click paoc-popup-cust-368 paoc-popup-simple_link paoc-popup-link\" href=\"javascript:void(0);\">Wynajem sali<\/a>\r\n\r\n\n\n\n\n<div style=\"height:1px\" aria-hidden=\"true\" class=\"wp-block-spacer\"><\/div>\n\n\n\r\n\t<a class=\"paoc-popup-click paoc-popup-cust-369 paoc-popup-simple_link paoc-popup-link\" href=\"javascript:void(0);\">Wiecz\u00f3r panie\u0144ski<\/a>\r\n\r\n\n\n<\/div><\/div>\n            <\/div>","protected":false},"excerpt":{"rendered":"","protected":false},"author":1,"featured_media":0,"parent":0,"menu_order":0,"comment_status":"closed","ping_status":"closed","template":"","meta":{"ub_ctt_via":"","footnotes":""},"class_list":["post-32","page","type-page","status-publish","hentry","wpbf-post"],"featured_image_src":null,"_links":{"self":[{"href":"http:\/\/vivadance.pl\/index.php\/wp-json\/wp\/v2\/pages\/32","targetHints":{"allow":["GET"]}}],"collection":[{"href":"http:\/\/vivadance.pl\/index.php\/wp-json\/wp\/v2\/pages"}],"about":[{"href":"http:\/\/vivadance.pl\/index.php\/wp-json\/wp\/v2\/types\/page"}],"author":[{"embeddable":true,"href":"http:\/\/vivadance.pl\/index.php\/wp-json\/wp\/v2\/users\/1"}],"replies":[{"embeddable":true,"href":"http:\/\/vivadance.pl\/index.php\/wp-json\/wp\/v2\/comments?post=32"}],"version-history":[{"count":80,"href":"http:\/\/vivadance.pl\/index.php\/wp-json\/wp\/v2\/pages\/32\/revisions"}],"predecessor-version":[{"id":2050,"href":"http:\/\/vivadance.pl\/index.php\/wp-json\/wp\/v2\/pages\/32\/revisions\/2050"}],"wp:attachment":[{"href":"http:\/\/vivadance.pl\/index.php\/wp-json\/wp\/v2\/media?parent=32"}],"curies":[{"name":"wp","href":"https:\/\/api.w.org\/{rel}","templated":true}]}}